{"id":54,"date":"2017-08-14T15:57:22","date_gmt":"2017-08-14T13:57:22","guid":{"rendered":"https:\/\/fewocoweb.wordpress.com\/?page_id=54"},"modified":"2026-02-04T11:34:24","modified_gmt":"2026-02-04T11:34:24","slug":"preise","status":"publish","type":"page","link":"https:\/\/ferienwohnungen-contardo.de\/?page_id=54","title":{"rendered":"Preise\/Buchung"},"content":{"rendered":"\n<p>Die Wohnung kann mit bis zu 4 Erwachsenen belegt werden. Zus\u00e4tzlich aufgestellte Kinderbetten werden nicht berechnet. S\u00e4mtliche W\u00e4sche und Handt\u00fccher werden gestellt. Die Preise sind saisonabh\u00e4ngig, nach der Anzahl der Personen gestaffelt und verstehen sich je Tag plus Kurtaxe. <\/p>\n\n\n\n<p><\/p>\n\n\n\n<figure class=\"wp-block-table\"><table><tbody><tr><td><strong><span style=\"font-family: Arial, Helvetica;\">Winter 2026<\/span>\/2027<\/strong><\/td><td><span style=\"font-family: Arial, Helvetica;\"><strong>Sommer 202<\/strong><\/span><strong>6<\/strong><\/td><\/tr><tr><td><span style=\"font-family: Arial, Helvetica;\">98 &#8211; 114 Euro<\/span><\/td><td><span style=\"font-family: Arial, Helvetica;\">80 &#8211; 96 Euro<\/span><\/td><\/tr><\/tbody><\/table><\/figure>\n\n\n\n<p><\/p>\n\n\n\n<p>Buchung: Kontakt \u00fcber <a href=\"https:\/\/ferienwohnungen-contardo.de\/?page_id=6\" data-type=\"page\" data-id=\"6\">Adressen\/Impressum<\/a> oder hier:<\/p>\n\n\n\n<p><\/p>\n\n\n<script>\nwindow.TWEBSHOP = {\nconfig: 'DEU00000060000499106_irs18',\nlanguage: 'de',\ntheme: {\nsticky: {\noffset: 20,\nzIndex: 2\n}\n}\n}\n<\/script>\n\n<style>\n#twebshop {\n--tw-button-color: #be1717;\n--tw-button-text-color: #fff;\n--tw-button-price-color: #2e921d;\n--tw-button-price-text-color: #fff;\n--tw-box-color: #6c757d;\n--tw-box-text-color: #fff;\n--tw-booking-color: #a1caf1;\n--tw-booking-text-color: #000;\n}\n<\/style>\n<tws-accommodation-widget-service data-id=\"DEU00000060000499423\"><\/tws-accommodation-widget-service>\n<script src=\"https:\/\/twebshop.tomas-travel.com\/app\/accommodation\/widget\/app.js\"><\/script>\n","protected":false},"excerpt":{"rendered":"<p>Die Wohnung kann mit bis zu 4 Erwachsenen belegt werden. Zus\u00e4tzlich aufgestellte Kinderbetten werden nicht berechnet. S\u00e4mtliche W\u00e4sche und Handt\u00fccher werden gestellt. Die Preise sind saisonabh\u00e4ngig, nach der Anzahl der Personen gestaffelt und verstehen sich je Tag plus Kurtaxe. Winter 2026\/2027 Sommer 2026 98 &#8211; 114 Euro 80 &#8211; 96 Euro Buchung: Kontakt \u00fcber Adressen\/Impressum [&hellip;]<\/p>\n","protected":false},"author":1,"featured_media":0,"parent":9,"menu_order":6,"comment_status":"closed","ping_status":"closed","template":"","meta":{"footnotes":""},"class_list":["post-54","page","type-page","status-publish","hentry"],"_links":{"self":[{"href":"https:\/\/ferienwohnungen-contardo.de\/index.php?rest_route=\/wp\/v2\/pages\/54","targetHints":{"allow":["GET"]}}],"collection":[{"href":"https:\/\/ferienwohnungen-contardo.de\/index.php?rest_route=\/wp\/v2\/pages"}],"about":[{"href":"https:\/\/ferienwohnungen-contardo.de\/index.php?rest_route=\/wp\/v2\/types\/page"}],"author":[{"embeddable":true,"href":"https:\/\/ferienwohnungen-contardo.de\/index.php?rest_route=\/wp\/v2\/users\/1"}],"replies":[{"embeddable":true,"href":"https:\/\/ferienwohnungen-contardo.de\/index.php?rest_route=%2Fwp%2Fv2%2Fcomments&post=54"}],"version-history":[{"count":14,"href":"https:\/\/ferienwohnungen-contardo.de\/index.php?rest_route=\/wp\/v2\/pages\/54\/revisions"}],"predecessor-version":[{"id":254,"href":"https:\/\/ferienwohnungen-contardo.de\/index.php?rest_route=\/wp\/v2\/pages\/54\/revisions\/254"}],"up":[{"embeddable":true,"href":"https:\/\/ferienwohnungen-contardo.de\/index.php?rest_route=\/wp\/v2\/pages\/9"}],"wp:attachment":[{"href":"https:\/\/ferienwohnungen-contardo.de\/index.php?rest_route=%2Fwp%2Fv2%2Fmedia&parent=54"}],"curies":[{"name":"wp","href":"https:\/\/api.w.org\/{rel}","templated":true}]}}