{"id":12,"date":"2017-08-14T15:10:37","date_gmt":"2017-08-14T13:10:37","guid":{"rendered":"https:\/\/fewocoweb.wordpress.com\/?page_id=8"},"modified":"2025-01-18T12:58:11","modified_gmt":"2025-01-18T12:58:11","slug":"obergeschoss-2","status":"publish","type":"page","link":"https:\/\/ferienwohnungen-contardo.de\/?page_id=12","title":{"rendered":"Wohnung"},"content":{"rendered":"\n<div class=\"wp-block-columns is-layout-flex wp-container-core-columns-is-layout-28f84493 wp-block-columns-is-layout-flex\">\n<div class=\"wp-block-column is-layout-flow wp-block-column-is-layout-flow\" style=\"flex-basis:100%\">\n<p>Die komfortable Wohnung mit ca. 65 m\u00b2 Wohnfl\u00e4che verf\u00fcgt \u00fcber zwei getrennte Schlafzimmer, ein gro\u00dfz\u00fcgiges Wohnzimmer, K\u00fcche, Bad und WC.\nDie Schlafzimmer sind jeweils mit einem Doppelbett und Waschbecken ausgestattet.\nIm gem\u00fctlichen Wohnzimmer kann bei Bedarf die Eckcouch in eine Schlafgelegenheit umgewandelt werden. Fernseher (Kabel) und Radio bieten die gewohnten Unterhaltungsm\u00f6glichkeiten.\nDie separate K\u00fcche ist vollst\u00e4ndig eingerichtet (Geschirrsp\u00fclmaschine) und mit einer Essecke ausgestattet.\nIm gro\u00dfen exklusiven Badezimmer finden Sie Dusch-Badewanne und WC.\nAu\u00dferdem befindet sich in der Wohnung ein separates WC.\nVon jedem Zimmer haben Sie Zugang zum gro\u00dfen Balkon.<\/p>\n<\/div>\n<\/div>\n\n\n\n<div class=\"wp-block-group has-global-padding is-layout-constrained wp-block-group-is-layout-constrained\">\n<figure class=\"wp-block-gallery alignfull has-nested-images columns-3 is-cropped wp-block-gallery-1 is-layout-flex wp-block-gallery-is-layout-flex\">\n<figure class=\"wp-block-image size-large\"><img loading=\"lazy\" decoding=\"async\" width=\"768\" height=\"1024\" data-id=\"219\" src=\"https:\/\/ferienwohnungen-contardo.de\/wp-content\/uploads\/2025\/01\/WhatsApp-Image-2024-09-22-at-13.32.50-3-768x1024.jpeg\" alt=\"Blick in die K\u00fcche\" class=\"wp-image-219\" srcset=\"https:\/\/ferienwohnungen-contardo.de\/wp-content\/uploads\/2025\/01\/WhatsApp-Image-2024-09-22-at-13.32.50-3-768x1024.jpeg 768w, https:\/\/ferienwohnungen-contardo.de\/wp-content\/uploads\/2025\/01\/WhatsApp-Image-2024-09-22-at-13.32.50-3-225x300.jpeg 225w, https:\/\/ferienwohnungen-contardo.de\/wp-content\/uploads\/2025\/01\/WhatsApp-Image-2024-09-22-at-13.32.50-3-1152x1536.jpeg 1152w, https:\/\/ferienwohnungen-contardo.de\/wp-content\/uploads\/2025\/01\/WhatsApp-Image-2024-09-22-at-13.32.50-3.jpeg 1200w\" sizes=\"auto, (max-width: 768px) 100vw, 768px\" \/><figcaption class=\"wp-element-caption\">Blick in die K\u00fcche<\/figcaption><\/figure>\n\n\n\n<figure class=\"wp-block-image size-large\"><img loading=\"lazy\" decoding=\"async\" width=\"1024\" height=\"768\" data-id=\"214\" src=\"https:\/\/ferienwohnungen-contardo.de\/wp-content\/uploads\/2025\/01\/WhatsApp-Image-2024-09-22-at-13.32.50-4-1024x768.jpeg\" alt=\"K\u00fcche\" class=\"wp-image-214\" srcset=\"https:\/\/ferienwohnungen-contardo.de\/wp-content\/uploads\/2025\/01\/WhatsApp-Image-2024-09-22-at-13.32.50-4-1024x768.jpeg 1024w, https:\/\/ferienwohnungen-contardo.de\/wp-content\/uploads\/2025\/01\/WhatsApp-Image-2024-09-22-at-13.32.50-4-300x225.jpeg 300w, https:\/\/ferienwohnungen-contardo.de\/wp-content\/uploads\/2025\/01\/WhatsApp-Image-2024-09-22-at-13.32.50-4-768x576.jpeg 768w, https:\/\/ferienwohnungen-contardo.de\/wp-content\/uploads\/2025\/01\/WhatsApp-Image-2024-09-22-at-13.32.50-4-1536x1152.jpeg 1536w, https:\/\/ferienwohnungen-contardo.de\/wp-content\/uploads\/2025\/01\/WhatsApp-Image-2024-09-22-at-13.32.50-4.jpeg 1600w\" sizes=\"auto, (max-width: 1024px) 100vw, 1024px\" \/><figcaption class=\"wp-element-caption\">K\u00fcche mit Blick auf den Balkon<\/figcaption><\/figure>\n\n\n\n<figure class=\"wp-block-image size-large\"><img loading=\"lazy\" decoding=\"async\" width=\"729\" height=\"1024\" data-id=\"210\" src=\"https:\/\/ferienwohnungen-contardo.de\/wp-content\/uploads\/2025\/01\/WhatsApp-Image-2024-09-22-at-13.32.50-1-1-729x1024.png\" alt=\"Wohnzimmer\" class=\"wp-image-210\" srcset=\"https:\/\/ferienwohnungen-contardo.de\/wp-content\/uploads\/2025\/01\/WhatsApp-Image-2024-09-22-at-13.32.50-1-1-729x1024.png 729w, https:\/\/ferienwohnungen-contardo.de\/wp-content\/uploads\/2025\/01\/WhatsApp-Image-2024-09-22-at-13.32.50-1-1-214x300.png 214w, https:\/\/ferienwohnungen-contardo.de\/wp-content\/uploads\/2025\/01\/WhatsApp-Image-2024-09-22-at-13.32.50-1-1-768x1079.png 768w, https:\/\/ferienwohnungen-contardo.de\/wp-content\/uploads\/2025\/01\/WhatsApp-Image-2024-09-22-at-13.32.50-1-1.png 1080w\" sizes=\"auto, (max-width: 729px) 100vw, 729px\" \/><\/figure>\n\n\n\n<figure class=\"wp-block-image size-large\"><img loading=\"lazy\" decoding=\"async\" width=\"768\" height=\"1024\" data-id=\"211\" src=\"https:\/\/ferienwohnungen-contardo.de\/wp-content\/uploads\/2025\/01\/WhatsApp-Image-2024-09-22-at-13.32.50-768x1024.jpeg\" alt=\"Blick ins Wohnzimmer: rotes Sofa, TV und Blick in den Flur\" class=\"wp-image-211\" srcset=\"https:\/\/ferienwohnungen-contardo.de\/wp-content\/uploads\/2025\/01\/WhatsApp-Image-2024-09-22-at-13.32.50-768x1024.jpeg 768w, https:\/\/ferienwohnungen-contardo.de\/wp-content\/uploads\/2025\/01\/WhatsApp-Image-2024-09-22-at-13.32.50-225x300.jpeg 225w, https:\/\/ferienwohnungen-contardo.de\/wp-content\/uploads\/2025\/01\/WhatsApp-Image-2024-09-22-at-13.32.50-1152x1536.jpeg 1152w, https:\/\/ferienwohnungen-contardo.de\/wp-content\/uploads\/2025\/01\/WhatsApp-Image-2024-09-22-at-13.32.50.jpeg 1200w\" sizes=\"auto, (max-width: 768px) 100vw, 768px\" \/><figcaption class=\"wp-element-caption\">Blick ins Wohnzimmer<\/figcaption><\/figure>\n\n\n\n<figure class=\"wp-block-image size-large\"><img loading=\"lazy\" decoding=\"async\" width=\"768\" height=\"1024\" data-id=\"217\" src=\"https:\/\/ferienwohnungen-contardo.de\/wp-content\/uploads\/2025\/01\/WhatsApp-Image-2024-09-22-at-13.32.50-7-768x1024.jpeg\" alt=\"Schlafzimmer\" class=\"wp-image-217\" srcset=\"https:\/\/ferienwohnungen-contardo.de\/wp-content\/uploads\/2025\/01\/WhatsApp-Image-2024-09-22-at-13.32.50-7-768x1024.jpeg 768w, https:\/\/ferienwohnungen-contardo.de\/wp-content\/uploads\/2025\/01\/WhatsApp-Image-2024-09-22-at-13.32.50-7-225x300.jpeg 225w, https:\/\/ferienwohnungen-contardo.de\/wp-content\/uploads\/2025\/01\/WhatsApp-Image-2024-09-22-at-13.32.50-7-1152x1536.jpeg 1152w, https:\/\/ferienwohnungen-contardo.de\/wp-content\/uploads\/2025\/01\/WhatsApp-Image-2024-09-22-at-13.32.50-7.jpeg 1200w\" sizes=\"auto, (max-width: 768px) 100vw, 768px\" \/><figcaption class=\"wp-element-caption\">Blick ins Schlafzimmer<\/figcaption><\/figure>\n\n\n\n<figure class=\"wp-block-image size-large\"><img loading=\"lazy\" decoding=\"async\" width=\"225\" height=\"300\" data-id=\"34\" src=\"https:\/\/ferienwohnungen-contardo.de\/wp-content\/uploads\/2017\/08\/og-bad.jpg\" alt=\"Blick ins Badezimmer, ein Handtuchheizk\u00f6rper, das Waschbecken und ein Regal sind sichtbar.\" class=\"wp-image-34\"\/><figcaption class=\"wp-element-caption\">Blick ins Badezimmer<\/figcaption><\/figure>\n\n\n\n<figure class=\"wp-block-image size-large\"><img loading=\"lazy\" decoding=\"async\" width=\"375\" height=\"300\" data-id=\"37\" src=\"https:\/\/ferienwohnungen-contardo.de\/wp-content\/uploads\/2017\/08\/obergeschoss.jpg\" alt=\"Grundriss der Wohnung. Wohnzimmer und zwei Schlafzimmer haben Zugang zum Balkon. Ebenso die K\u00fcche. Bad und eine separate Toilette.\" class=\"wp-image-37\" srcset=\"https:\/\/ferienwohnungen-contardo.de\/wp-content\/uploads\/2017\/08\/obergeschoss.jpg 375w, https:\/\/ferienwohnungen-contardo.de\/wp-content\/uploads\/2017\/08\/obergeschoss-300x240.jpg 300w\" sizes=\"auto, (max-width: 375px) 100vw, 375px\" \/><figcaption class=\"wp-element-caption\">Grundriss der Wohnung<\/figcaption><\/figure>\n<\/figure>\n<\/div>\n","protected":false},"excerpt":{"rendered":"<p>Dies ist die Kurzfassung der untergeordneten Seite<\/p>\n","protected":false},"author":1,"featured_media":35,"parent":9,"menu_order":1,"comment_status":"closed","ping_status":"closed","template":"","meta":{"footnotes":""},"class_list":["post-12","page","type-page","status-publish","has-post-thumbnail","hentry"],"_links":{"self":[{"href":"https:\/\/ferienwohnungen-contardo.de\/index.php?rest_route=\/wp\/v2\/pages\/12","targetHints":{"allow":["GET"]}}],"collection":[{"href":"https:\/\/ferienwohnungen-contardo.de\/index.php?rest_route=\/wp\/v2\/pages"}],"about":[{"href":"https:\/\/ferienwohnungen-contardo.de\/index.php?rest_route=\/wp\/v2\/types\/page"}],"author":[{"embeddable":true,"href":"https:\/\/ferienwohnungen-contardo.de\/index.php?rest_route=\/wp\/v2\/users\/1"}],"replies":[{"embeddable":true,"href":"https:\/\/ferienwohnungen-contardo.de\/index.php?rest_route=%2Fwp%2Fv2%2Fcomments&post=12"}],"version-history":[{"count":0,"href":"https:\/\/ferienwohnungen-contardo.de\/index.php?rest_route=\/wp\/v2\/pages\/12\/revisions"}],"up":[{"embeddable":true,"href":"https:\/\/ferienwohnungen-contardo.de\/index.php?rest_route=\/wp\/v2\/pages\/9"}],"wp:featuredmedia":[{"embeddable":true,"href":"https:\/\/ferienwohnungen-contardo.de\/index.php?rest_route=\/wp\/v2\/media\/35"}],"wp:attachment":[{"href":"https:\/\/ferienwohnungen-contardo.de\/index.php?rest_route=%2Fwp%2Fv2%2Fmedia&parent=12"}],"curies":[{"name":"wp","href":"https:\/\/api.w.org\/{rel}","templated":true}]}}